{"id":1117,"date":"2022-03-02T11:44:25","date_gmt":"2022-03-02T11:44:25","guid":{"rendered":"https:\/\/frigdent.com\/about-us\/"},"modified":"2022-03-02T11:44:25","modified_gmt":"2022-03-02T11:44:25","slug":"about-us","status":"publish","type":"page","link":"https:\/\/frigdent.be\/en\/about-us\/","title":{"rendered":"About Us"},"content":{"rendered":"\t\t<div data-elementor-type=\"wp-page\" data-elementor-id=\"1117\" class=\"elementor elementor-1117\">\n\t\t\t\t\t\t<section class=\"elementor-section elementor-top-section elementor-element elementor-element-ad2cd8d elementor-section-full_width elementor-section-height-default elementor-section-height-default\" data-id=\"ad2cd8d\" data-element_type=\"section\" data-settings=\"{&quot;background_background&quot;:&quot;classic&quot;}\">\n\t\t\t\t\t\t<div class=\"elementor-container elementor-column-gap-no\">\n\t\t\t\t\t<div class=\"elementor-column elementor-col-100 elementor-top-column elementor-element elementor-element-668061a\" data-id=\"668061a\" data-element_type=\"column\">\n\t\t\t<div class=\"elementor-widget-wrap elementor-element-populated\">\n\t\t\t\t\t\t<div class=\"elementor-element elementor-element-3005551 elementor-widget elementor-widget-about-us\" data-id=\"3005551\" data-element_type=\"widget\" data-widget_type=\"about-us.default\">\n\t\t\t\t<div class=\"elementor-widget-container\">\n\t\t\t        <!-- About Area Start -->\r\n        <div class=\"about__area\">\r\n            <div class=\"container\">\r\n                <div class=\"row\">\r\n                    <div class=\"col-xl-6 col-lg-6 lg-mb-30\">\r\n                        <div class=\"about__area-left wow fadeInUp\" data-wow-delay=\"0.4s\">\r\n                            <div class=\"about__area-left-title\">\r\n                                <span class=\"section-top\">About Us<\/span>\r\n                                <h2 class=\"mb-20\">We&#039;re Provide The Best Software<\/h2>\r\n                                <p>Praesent dignissim ullamcorper turpis eu mollis. Morbi vel erat blandit, finibus risus eu, ultricies dolor. Maecenas hendrerit aliquet sapien sit amet consequat.<\/p>\r\n                            <\/div>\r\n                        <\/div>\r\n                    <\/div>\r\n                    <div class=\"col-xl-6 col-lg-6\">\r\n                        <div class=\"about__area-right t-right wow fadeInUp\" data-wow-delay=\"0.8s\">\r\n                            <div class=\"about__area-right-image\">\r\n                                <img decoding=\"async\" src=\"https:\/\/beorx.wpuidevs.com\/wp-content\/uploads\/2022\/03\/about.jpg\" alt=\"\">\r\n                            <\/div>\r\n                            <div class=\"about__area-right-content\">\r\n                                <b><span class=\"counter\">29<\/span>+<\/b>\r\n                                <p>Years Experiences<\/p>\r\n                            <\/div>\r\n                        <\/div>\r\n                    <\/div>\r\n                <\/div>\r\n            <\/div>\r\n        <\/div>\r\n        <!-- About Area End -->\r\n\t\t<\/div>\n\t\t\t\t<\/div>\n\t\t\t\t\t<\/div>\n\t\t<\/div>\n\t\t\t\t\t<\/div>\n\t\t<\/section>\n\t\t\t\t<section class=\"elementor-section elementor-top-section elementor-element elementor-element-6880991 elementor-section-full_width elementor-section-height-default elementor-section-height-default\" data-id=\"6880991\" data-element_type=\"section\" data-settings=\"{&quot;background_background&quot;:&quot;classic&quot;}\">\n\t\t\t\t\t\t<div class=\"elementor-container elementor-column-gap-no\">\n\t\t\t\t\t<div class=\"elementor-column elementor-col-100 elementor-top-column elementor-element elementor-element-c19b3fe\" data-id=\"c19b3fe\" data-element_type=\"column\">\n\t\t\t<div class=\"elementor-widget-wrap elementor-element-populated\">\n\t\t\t\t\t\t<div class=\"elementor-element elementor-element-cb99d49 elementor-widget elementor-widget-solution\" data-id=\"cb99d49\" data-element_type=\"widget\" data-widget_type=\"solution.default\">\n\t\t\t\t<div class=\"elementor-widget-container\">\n\t\t\t\t<!-- Solution  Area Start -->\r\n\t<div class=\"solution__area section-padding\">\r\n\t\t<div class=\"solution__area-left\" data-background=\"https:\/\/beorx.wpuidevs.com\/wp-content\/uploads\/2022\/03\/solution-scaled.jpg\"><\/div>\r\n\t\t<div class=\"container\">\r\n\t\t\t<div class=\"row\">\r\n\t\t\t\t<div class=\"col-xl-6 col-lg-6\"><\/div>\r\n\t\t\t\t<div class=\"col-xl-6 col-lg-6\">\r\n\t\t\t\t\t<div class=\"s-table\">\r\n\t\t\t\t\t\t<div class=\"s-tablec\">\r\n\t\t\t\t\t\t\t<div class=\"solution__area-right wow fadeInUp\" data-wow-delay=\"0.3s\">\r\n\t\t\t\t\t\t\t\t<p class=\"section-top\">Design Solution<\/p>\r\n\t\t\t\t\t\t\t\t<h2 class=\"mb-20\">Creative solutions to your design<\/h2>\r\n\t\t\t\t\t\t\t\t<p class=\"mb-25\">Curabitur congue, tortor sed convallis tristique, ligula lorem cursus diam, sit amet vulputate odio est at lacus. Sed ultrices libero vehicula fringilla scelerisque.<\/p>\t\r\n                                <a class=\"theme-btn\" href=\"\/contact\">Contact Us <i class=\"flaticon-right-arrow\"><\/i><\/a>\r\n\t\t\t\t\t\t\t<\/div>\r\n\t\t\t\t\t\t<\/div>\r\n\t\t\t\t\t<\/div>\r\n\t\t\t\t<\/div>\r\n\t\t\t<\/div>\r\n\t\t<\/div>\r\n\t<\/div>\r\n\t<!-- Solution Area End -->\r\n\r\n\t\t<\/div>\n\t\t\t\t<\/div>\n\t\t\t\t\t<\/div>\n\t\t<\/div>\n\t\t\t\t\t<\/div>\n\t\t<\/section>\n\t\t\t\t<section class=\"elementor-section elementor-top-section elementor-element elementor-element-ffd587d elementor-section-boxed elementor-section-height-default elementor-section-height-default\" data-id=\"ffd587d\" data-element_type=\"section\">\n\t\t\t\t\t\t<div class=\"elementor-container elementor-column-gap-default\">\n\t\t\t\t\t<div class=\"elementor-column elementor-col-100 elementor-top-column elementor-element elementor-element-e8ca5cc\" data-id=\"e8ca5cc\" data-element_type=\"column\">\n\t\t\t<div class=\"elementor-widget-wrap elementor-element-populated\">\n\t\t\t\t\t\t<div class=\"elementor-element elementor-element-a760499 elementor-widget elementor-widget-section-title\" data-id=\"a760499\" data-element_type=\"widget\" data-widget_type=\"section-title.default\">\n\t\t\t\t<div class=\"elementor-widget-container\">\n\t\t\t\t<div class=\"beorx__area-section-title\">\r\n        <span class=\"section-top\">Our Services <\/span>\r\n\t\t<h2>the Creative Solutions<\/h2>\r\n        \t<\/div>\r\n\r\n\t\t<\/div>\n\t\t\t\t<\/div>\n\t\t\t\t\t<\/div>\n\t\t<\/div>\n\t\t\t\t\t<\/div>\n\t\t<\/section>\n\t\t\t\t<section class=\"elementor-section elementor-top-section elementor-element elementor-element-d500ad4 elementor-section-boxed elementor-section-height-default elementor-section-height-default\" data-id=\"d500ad4\" data-element_type=\"section\">\n\t\t\t\t\t\t<div class=\"elementor-container elementor-column-gap-extended\">\n\t\t\t\t\t<div class=\"elementor-column elementor-col-33 elementor-top-column elementor-element elementor-element-d81a0c7\" data-id=\"d81a0c7\" data-element_type=\"column\">\n\t\t\t<div class=\"elementor-widget-wrap elementor-element-populated\">\n\t\t\t\t\t\t<div class=\"elementor-element elementor-element-577c790 elementor-widget elementor-widget-service-item\" data-id=\"577c790\" data-element_type=\"widget\" data-widget_type=\"service-item.default\">\n\t\t\t\t<div class=\"elementor-widget-container\">\n\t\t\t     <div class=\"service__area-item t-center thin-bg\">\r\n  <div class=\"service__area-item-icon mb-20 bg-white\">\r\n  <img decoding=\"async\" src=\"https:\/\/beorx.wpuidevs.com\/wp-content\/uploads\/2022\/03\/services-1.png\" alt=\"\">\r\n  <\/div>\r\n  <div class=\"service__area-item-content\">\r\n    <h4 class=\"mb-20\">Content Marketing<\/h4>\r\n    <p class=\"mb-20\">\r\n    Maecenas sagittis, quam vel interdum malesuada, nibh metus consectetur felis, cursus    <\/p>\r\n    <a class=\"simple-btn\" href=\"\/service-details\/\">More Details<\/a>\r\n  <\/div>\r\n<\/div>\r\n\r\n\t\t<\/div>\n\t\t\t\t<\/div>\n\t\t\t\t\t<\/div>\n\t\t<\/div>\n\t\t\t\t<div class=\"elementor-column elementor-col-33 elementor-top-column elementor-element elementor-element-a43c36a\" data-id=\"a43c36a\" data-element_type=\"column\">\n\t\t\t<div class=\"elementor-widget-wrap elementor-element-populated\">\n\t\t\t\t\t\t<div class=\"elementor-element elementor-element-4bac263 elementor-widget elementor-widget-service-item\" data-id=\"4bac263\" data-element_type=\"widget\" data-widget_type=\"service-item.default\">\n\t\t\t\t<div class=\"elementor-widget-container\">\n\t\t\t     <div class=\"service__area-item t-center thin-bg\">\r\n  <div class=\"service__area-item-icon mb-20 bg-white\">\r\n  <img decoding=\"async\" src=\"https:\/\/beorx.wpuidevs.com\/wp-content\/uploads\/2022\/03\/services-2.png\" alt=\"\">\r\n  <\/div>\r\n  <div class=\"service__area-item-content\">\r\n    <h4 class=\"mb-20\">Mobile applications<\/h4>\r\n    <p class=\"mb-20\">\r\n    Maecenas sagittis, quam vel interdum malesuada, nibh metus consectetur felis, cursus    <\/p>\r\n    <a class=\"simple-btn\" href=\"\/service-details\/\">More Details<\/a>\r\n  <\/div>\r\n<\/div>\r\n\r\n\t\t<\/div>\n\t\t\t\t<\/div>\n\t\t\t\t\t<\/div>\n\t\t<\/div>\n\t\t\t\t<div class=\"elementor-column elementor-col-33 elementor-top-column elementor-element elementor-element-888f9e1\" data-id=\"888f9e1\" data-element_type=\"column\">\n\t\t\t<div class=\"elementor-widget-wrap elementor-element-populated\">\n\t\t\t\t\t\t<div class=\"elementor-element elementor-element-e073158 elementor-widget elementor-widget-service-item\" data-id=\"e073158\" data-element_type=\"widget\" data-widget_type=\"service-item.default\">\n\t\t\t\t<div class=\"elementor-widget-container\">\n\t\t\t     <div class=\"service__area-item t-center thin-bg\">\r\n  <div class=\"service__area-item-icon mb-20 bg-white\">\r\n  <img decoding=\"async\" src=\"https:\/\/beorx.wpuidevs.com\/wp-content\/uploads\/2022\/03\/services-3.png\" alt=\"\">\r\n  <\/div>\r\n  <div class=\"service__area-item-content\">\r\n    <h4 class=\"mb-20\">Graphic Designing<\/h4>\r\n    <p class=\"mb-20\">\r\n    Maecenas sagittis, quam vel interdum malesuada, nibh metus consectetur felis, cursus    <\/p>\r\n    <a class=\"simple-btn\" href=\"\/service-details\/\">More Details<\/a>\r\n  <\/div>\r\n<\/div>\r\n\r\n\t\t<\/div>\n\t\t\t\t<\/div>\n\t\t\t\t\t<\/div>\n\t\t<\/div>\n\t\t\t\t\t<\/div>\n\t\t<\/section>\n\t\t\t\t<section class=\"elementor-section elementor-top-section elementor-element elementor-element-a339a50 elementor-section-boxed elementor-section-height-default elementor-section-height-default\" data-id=\"a339a50\" data-element_type=\"section\">\n\t\t\t\t\t\t<div class=\"elementor-container elementor-column-gap-default\">\n\t\t\t\t\t<div class=\"elementor-column elementor-col-100 elementor-top-column elementor-element elementor-element-b82f213\" data-id=\"b82f213\" data-element_type=\"column\">\n\t\t\t<div class=\"elementor-widget-wrap elementor-element-populated\">\n\t\t\t\t\t\t<div class=\"elementor-element elementor-element-17e3ba7 elementor-widget elementor-widget-section-title\" data-id=\"17e3ba7\" data-element_type=\"widget\" data-widget_type=\"section-title.default\">\n\t\t\t\t<div class=\"elementor-widget-container\">\n\t\t\t\t<div class=\"beorx__area-section-title\">\r\n        <span class=\"section-top\">Our Team<\/span>\r\n\t\t<h2>Expert Team members<\/h2>\r\n        \t<\/div>\r\n\r\n\t\t<\/div>\n\t\t\t\t<\/div>\n\t\t\t\t\t<\/div>\n\t\t<\/div>\n\t\t\t\t\t<\/div>\n\t\t<\/section>\n\t\t\t\t<section class=\"elementor-section elementor-top-section elementor-element elementor-element-ae50707 elementor-section-boxed elementor-section-height-default elementor-section-height-default\" data-id=\"ae50707\" data-element_type=\"section\">\n\t\t\t\t\t\t<div class=\"elementor-container elementor-column-gap-extended\">\n\t\t\t\t\t<div class=\"elementor-column elementor-col-33 elementor-top-column elementor-element elementor-element-d73a624\" data-id=\"d73a624\" data-element_type=\"column\">\n\t\t\t<div class=\"elementor-widget-wrap elementor-element-populated\">\n\t\t\t\t\t\t<div class=\"elementor-element elementor-element-eee8b0d elementor-widget elementor-widget-team-item\" data-id=\"eee8b0d\" data-element_type=\"widget\" data-widget_type=\"team-item.default\">\n\t\t\t\t<div class=\"elementor-widget-container\">\n\t\t\t        <!-- Team Area Start -->\r\n        <div class=\"team__area-item\">\r\n            <div class=\"team__area-item-image\">\r\n                <img decoding=\"async\" src=\"https:\/\/beorx.wpuidevs.com\/wp-content\/uploads\/2022\/03\/team-4.jpg\" alt=\"\">\r\n                                    <div class=\"team__area-item-image-social\">\r\n                        <div class=\"team__area-item-image-social-icon\">\r\n                            <ul>\r\n                                                                        <li><a href=\"#\"><i class=\"fab fa-facebook-f\"><\/i><\/a><\/li>\r\n                                                                        <li><a href=\"#\"><i class=\"fab fa-twitter\"><\/i><\/a><\/li>\r\n                                                                        <li><a href=\"#\"><i class=\"fab fa-linkedin-in\"><\/i><\/a><\/li>\r\n                                                            <\/ul>\r\n                        <\/div>\r\n                        <div class=\"team__area-item-image-social-share\">\r\n                            <i class=\"fas fa-share-alt\"><\/i>\r\n                        <\/div>\r\n                    <\/div>\r\n                            <\/div>\r\n            <div class=\"team__area-item-content\">\r\n                <h4>Marie Presley<\/h4>\r\n                <p>UI\/UX Specialist<\/p>\r\n            <\/div>\r\n        <\/div>\r\n        <!-- Team Area End -->\r\n\t\t<\/div>\n\t\t\t\t<\/div>\n\t\t\t\t\t<\/div>\n\t\t<\/div>\n\t\t\t\t<div class=\"elementor-column elementor-col-33 elementor-top-column elementor-element elementor-element-e758d49\" data-id=\"e758d49\" data-element_type=\"column\">\n\t\t\t<div class=\"elementor-widget-wrap elementor-element-populated\">\n\t\t\t\t\t\t<div class=\"elementor-element elementor-element-15f7521 elementor-widget elementor-widget-team-item\" data-id=\"15f7521\" data-element_type=\"widget\" data-widget_type=\"team-item.default\">\n\t\t\t\t<div class=\"elementor-widget-container\">\n\t\t\t        <!-- Team Area Start -->\r\n        <div class=\"team__area-item\">\r\n            <div class=\"team__area-item-image\">\r\n                <img decoding=\"async\" src=\"https:\/\/beorx.wpuidevs.com\/wp-content\/uploads\/2022\/03\/team-5.jpg\" alt=\"\">\r\n                                    <div class=\"team__area-item-image-social\">\r\n                        <div class=\"team__area-item-image-social-icon\">\r\n                            <ul>\r\n                                                                        <li><a href=\"#\"><i class=\"fab fa-facebook-f\"><\/i><\/a><\/li>\r\n                                                                        <li><a href=\"#\"><i class=\"fab fa-twitter\"><\/i><\/a><\/li>\r\n                                                                        <li><a href=\"#\"><i class=\"fab fa-linkedin-in\"><\/i><\/a><\/li>\r\n                                                            <\/ul>\r\n                        <\/div>\r\n                        <div class=\"team__area-item-image-social-share\">\r\n                            <i class=\"fas fa-share-alt\"><\/i>\r\n                        <\/div>\r\n                    <\/div>\r\n                            <\/div>\r\n            <div class=\"team__area-item-content\">\r\n                <h4>Freddie Mercury<\/h4>\r\n                <p>developer<\/p>\r\n            <\/div>\r\n        <\/div>\r\n        <!-- Team Area End -->\r\n\t\t<\/div>\n\t\t\t\t<\/div>\n\t\t\t\t\t<\/div>\n\t\t<\/div>\n\t\t\t\t<div class=\"elementor-column elementor-col-33 elementor-top-column elementor-element elementor-element-54bc849\" data-id=\"54bc849\" data-element_type=\"column\">\n\t\t\t<div class=\"elementor-widget-wrap elementor-element-populated\">\n\t\t\t\t\t\t<div class=\"elementor-element elementor-element-1f76c6c elementor-widget elementor-widget-team-item\" data-id=\"1f76c6c\" data-element_type=\"widget\" data-widget_type=\"team-item.default\">\n\t\t\t\t<div class=\"elementor-widget-container\">\n\t\t\t        <!-- Team Area Start -->\r\n        <div class=\"team__area-item\">\r\n            <div class=\"team__area-item-image\">\r\n                <img decoding=\"async\" src=\"https:\/\/beorx.wpuidevs.com\/wp-content\/uploads\/2022\/03\/team-6.jpg\" alt=\"\">\r\n                                    <div class=\"team__area-item-image-social\">\r\n                        <div class=\"team__area-item-image-social-icon\">\r\n                            <ul>\r\n                                                                        <li><a href=\"#\"><i class=\"fab fa-facebook-f\"><\/i><\/a><\/li>\r\n                                                                        <li><a href=\"#\"><i class=\"fab fa-twitter\"><\/i><\/a><\/li>\r\n                                                                        <li><a href=\"#\"><i class=\"fab fa-linkedin-in\"><\/i><\/a><\/li>\r\n                                                            <\/ul>\r\n                        <\/div>\r\n                        <div class=\"team__area-item-image-social-share\">\r\n                            <i class=\"fas fa-share-alt\"><\/i>\r\n                        <\/div>\r\n                    <\/div>\r\n                            <\/div>\r\n            <div class=\"team__area-item-content\">\r\n                <h4>Paris Jackson<\/h4>\r\n                <p>content writer<\/p>\r\n            <\/div>\r\n        <\/div>\r\n        <!-- Team Area End -->\r\n\t\t<\/div>\n\t\t\t\t<\/div>\n\t\t\t\t\t<\/div>\n\t\t<\/div>\n\t\t\t\t\t<\/div>\n\t\t<\/section>\n\t\t\t\t<\/div>\n\t\t","protected":false},"excerpt":{"rendered":"<p>About Us We&#8217;re Provide The Best Software Praesent dignissim ullamcorper turpis eu mollis. Morbi vel erat blandit, finibus risus eu, ultricies dolor. Maecenas hendrerit aliquet sapien sit amet consequat. 29+ Years Experiences Design Solution Creative solutions to your design Curabitur congue, tortor sed convallis tristique, ligula lorem cursus diam, sit amet vulputate odio est at [&hellip;]<\/p>\n","protected":false},"author":1,"featured_media":0,"parent":0,"menu_order":0,"comment_status":"closed","ping_status":"closed","template":"template-parts\/page-builder.php","meta":{"footnotes":""},"class_list":["post-1117","page","type-page","status-publish","hentry"],"yoast_head":"<!-- This site is optimized with the Yoast SEO plugin v27.6 - https:\/\/yoast.com\/product\/yoast-seo-wordpress\/ -->\n<title>About Us - Frigdent<\/title>\n<meta name=\"robots\" content=\"index, follow, max-snippet:-1, max-image-preview:large, max-video-preview:-1\" \/>\n<link rel=\"canonical\" href=\"https:\/\/frigdent.be\/en\/about-us\/\" \/>\n<meta property=\"og:locale\" content=\"en_US\" \/>\n<meta property=\"og:type\" content=\"article\" \/>\n<meta property=\"og:title\" content=\"About Us - Frigdent\" \/>\n<meta property=\"og:description\" content=\"About Us We&#8217;re Provide The Best Software Praesent dignissim ullamcorper turpis eu mollis. Morbi vel erat blandit, finibus risus eu, ultricies dolor. Maecenas hendrerit aliquet sapien sit amet consequat. 29+ Years Experiences Design Solution Creative solutions to your design Curabitur congue, tortor sed convallis tristique, ligula lorem cursus diam, sit amet vulputate odio est at [&hellip;]\" \/>\n<meta property=\"og:url\" content=\"https:\/\/frigdent.be\/en\/about-us\/\" \/>\n<meta property=\"og:site_name\" content=\"Frigdent\" \/>\n<meta property=\"og:image\" content=\"https:\/\/beorx.wpuidevs.com\/wp-content\/uploads\/2022\/03\/about.jpg\" \/>\n<meta name=\"twitter:card\" content=\"summary_large_image\" \/>\n<meta name=\"twitter:label1\" content=\"Est. reading time\" \/>\n\t<meta name=\"twitter:data1\" content=\"1 minute\" \/>\n<script type=\"application\/ld+json\" class=\"yoast-schema-graph\">{\"@context\":\"https:\\\/\\\/schema.org\",\"@graph\":[{\"@type\":\"WebPage\",\"@id\":\"https:\\\/\\\/frigdent.be\\\/en\\\/about-us\\\/\",\"url\":\"https:\\\/\\\/frigdent.be\\\/en\\\/about-us\\\/\",\"name\":\"About Us - Frigdent\",\"isPartOf\":{\"@id\":\"https:\\\/\\\/frigdent.be\\\/en\\\/#website\"},\"primaryImageOfPage\":{\"@id\":\"https:\\\/\\\/frigdent.be\\\/en\\\/about-us\\\/#primaryimage\"},\"image\":{\"@id\":\"https:\\\/\\\/frigdent.be\\\/en\\\/about-us\\\/#primaryimage\"},\"thumbnailUrl\":\"https:\\\/\\\/beorx.wpuidevs.com\\\/wp-content\\\/uploads\\\/2022\\\/03\\\/about.jpg\",\"datePublished\":\"2022-03-02T11:44:25+00:00\",\"breadcrumb\":{\"@id\":\"https:\\\/\\\/frigdent.be\\\/en\\\/about-us\\\/#breadcrumb\"},\"inLanguage\":\"en-US\",\"potentialAction\":[{\"@type\":\"ReadAction\",\"target\":[\"https:\\\/\\\/frigdent.be\\\/en\\\/about-us\\\/\"]}]},{\"@type\":\"ImageObject\",\"inLanguage\":\"en-US\",\"@id\":\"https:\\\/\\\/frigdent.be\\\/en\\\/about-us\\\/#primaryimage\",\"url\":\"https:\\\/\\\/beorx.wpuidevs.com\\\/wp-content\\\/uploads\\\/2022\\\/03\\\/about.jpg\",\"contentUrl\":\"https:\\\/\\\/beorx.wpuidevs.com\\\/wp-content\\\/uploads\\\/2022\\\/03\\\/about.jpg\"},{\"@type\":\"BreadcrumbList\",\"@id\":\"https:\\\/\\\/frigdent.be\\\/en\\\/about-us\\\/#breadcrumb\",\"itemListElement\":[{\"@type\":\"ListItem\",\"position\":1,\"name\":\"Anasayfa\",\"item\":\"https:\\\/\\\/frigdent.be\\\/en\\\/\"},{\"@type\":\"ListItem\",\"position\":2,\"name\":\"About Us\"}]},{\"@type\":\"WebSite\",\"@id\":\"https:\\\/\\\/frigdent.be\\\/en\\\/#website\",\"url\":\"https:\\\/\\\/frigdent.be\\\/en\\\/\",\"name\":\"Frigdent\",\"description\":\"G\u00fcl\u00fc\u015f\u00fcnle D\u00fcnyay\u0131 De\u011fi\u015ftir\",\"publisher\":{\"@id\":\"https:\\\/\\\/frigdent.be\\\/en\\\/#organization\"},\"potentialAction\":[{\"@type\":\"SearchAction\",\"target\":{\"@type\":\"EntryPoint\",\"urlTemplate\":\"https:\\\/\\\/frigdent.be\\\/en\\\/?s={search_term_string}\"},\"query-input\":{\"@type\":\"PropertyValueSpecification\",\"valueRequired\":true,\"valueName\":\"search_term_string\"}}],\"inLanguage\":\"en-US\"},{\"@type\":\"Organization\",\"@id\":\"https:\\\/\\\/frigdent.be\\\/en\\\/#organization\",\"name\":\"Frigdent\",\"url\":\"https:\\\/\\\/frigdent.be\\\/en\\\/\",\"logo\":{\"@type\":\"ImageObject\",\"inLanguage\":\"en-US\",\"@id\":\"https:\\\/\\\/frigdent.be\\\/en\\\/#\\\/schema\\\/logo\\\/image\\\/\",\"url\":\"https:\\\/\\\/frigdent.be\\\/wp-content\\\/uploads\\\/2023\\\/08\\\/Frig-Logo-home.jpg\",\"contentUrl\":\"https:\\\/\\\/frigdent.be\\\/wp-content\\\/uploads\\\/2023\\\/08\\\/Frig-Logo-home.jpg\",\"width\":1024,\"height\":724,\"caption\":\"Frigdent\"},\"image\":{\"@id\":\"https:\\\/\\\/frigdent.be\\\/en\\\/#\\\/schema\\\/logo\\\/image\\\/\"}}]}<\/script>\n<!-- \/ Yoast SEO plugin. -->","yoast_head_json":{"title":"About Us - Frigdent","robots":{"index":"index","follow":"follow","max-snippet":"max-snippet:-1","max-image-preview":"max-image-preview:large","max-video-preview":"max-video-preview:-1"},"canonical":"https:\/\/frigdent.be\/en\/about-us\/","og_locale":"en_US","og_type":"article","og_title":"About Us - Frigdent","og_description":"About Us We&#8217;re Provide The Best Software Praesent dignissim ullamcorper turpis eu mollis. Morbi vel erat blandit, finibus risus eu, ultricies dolor. Maecenas hendrerit aliquet sapien sit amet consequat. 29+ Years Experiences Design Solution Creative solutions to your design Curabitur congue, tortor sed convallis tristique, ligula lorem cursus diam, sit amet vulputate odio est at [&hellip;]","og_url":"https:\/\/frigdent.be\/en\/about-us\/","og_site_name":"Frigdent","og_image":[{"url":"https:\/\/beorx.wpuidevs.com\/wp-content\/uploads\/2022\/03\/about.jpg","type":"","width":"","height":""}],"twitter_card":"summary_large_image","twitter_misc":{"Est. reading time":"1 minute"},"schema":{"@context":"https:\/\/schema.org","@graph":[{"@type":"WebPage","@id":"https:\/\/frigdent.be\/en\/about-us\/","url":"https:\/\/frigdent.be\/en\/about-us\/","name":"About Us - Frigdent","isPartOf":{"@id":"https:\/\/frigdent.be\/en\/#website"},"primaryImageOfPage":{"@id":"https:\/\/frigdent.be\/en\/about-us\/#primaryimage"},"image":{"@id":"https:\/\/frigdent.be\/en\/about-us\/#primaryimage"},"thumbnailUrl":"https:\/\/beorx.wpuidevs.com\/wp-content\/uploads\/2022\/03\/about.jpg","datePublished":"2022-03-02T11:44:25+00:00","breadcrumb":{"@id":"https:\/\/frigdent.be\/en\/about-us\/#breadcrumb"},"inLanguage":"en-US","potentialAction":[{"@type":"ReadAction","target":["https:\/\/frigdent.be\/en\/about-us\/"]}]},{"@type":"ImageObject","inLanguage":"en-US","@id":"https:\/\/frigdent.be\/en\/about-us\/#primaryimage","url":"https:\/\/beorx.wpuidevs.com\/wp-content\/uploads\/2022\/03\/about.jpg","contentUrl":"https:\/\/beorx.wpuidevs.com\/wp-content\/uploads\/2022\/03\/about.jpg"},{"@type":"BreadcrumbList","@id":"https:\/\/frigdent.be\/en\/about-us\/#breadcrumb","itemListElement":[{"@type":"ListItem","position":1,"name":"Anasayfa","item":"https:\/\/frigdent.be\/en\/"},{"@type":"ListItem","position":2,"name":"About Us"}]},{"@type":"WebSite","@id":"https:\/\/frigdent.be\/en\/#website","url":"https:\/\/frigdent.be\/en\/","name":"Frigdent","description":"G\u00fcl\u00fc\u015f\u00fcnle D\u00fcnyay\u0131 De\u011fi\u015ftir","publisher":{"@id":"https:\/\/frigdent.be\/en\/#organization"},"potentialAction":[{"@type":"SearchAction","target":{"@type":"EntryPoint","urlTemplate":"https:\/\/frigdent.be\/en\/?s={search_term_string}"},"query-input":{"@type":"PropertyValueSpecification","valueRequired":true,"valueName":"search_term_string"}}],"inLanguage":"en-US"},{"@type":"Organization","@id":"https:\/\/frigdent.be\/en\/#organization","name":"Frigdent","url":"https:\/\/frigdent.be\/en\/","logo":{"@type":"ImageObject","inLanguage":"en-US","@id":"https:\/\/frigdent.be\/en\/#\/schema\/logo\/image\/","url":"https:\/\/frigdent.be\/wp-content\/uploads\/2023\/08\/Frig-Logo-home.jpg","contentUrl":"https:\/\/frigdent.be\/wp-content\/uploads\/2023\/08\/Frig-Logo-home.jpg","width":1024,"height":724,"caption":"Frigdent"},"image":{"@id":"https:\/\/frigdent.be\/en\/#\/schema\/logo\/image\/"}}]}},"_links":{"self":[{"href":"https:\/\/frigdent.be\/en\/wp-json\/wp\/v2\/pages\/1117","targetHints":{"allow":["GET"]}}],"collection":[{"href":"https:\/\/frigdent.be\/en\/wp-json\/wp\/v2\/pages"}],"about":[{"href":"https:\/\/frigdent.be\/en\/wp-json\/wp\/v2\/types\/page"}],"author":[{"embeddable":true,"href":"https:\/\/frigdent.be\/en\/wp-json\/wp\/v2\/users\/1"}],"replies":[{"embeddable":true,"href":"https:\/\/frigdent.be\/en\/wp-json\/wp\/v2\/comments?post=1117"}],"version-history":[{"count":0,"href":"https:\/\/frigdent.be\/en\/wp-json\/wp\/v2\/pages\/1117\/revisions"}],"wp:attachment":[{"href":"https:\/\/frigdent.be\/en\/wp-json\/wp\/v2\/media?parent=1117"}],"curies":[{"name":"wp","href":"https:\/\/api.w.org\/{rel}","templated":true}]}}